{"id":42,"date":"2022-12-21T00:05:20","date_gmt":"2022-12-21T00:05:20","guid":{"rendered":"https:\/\/carlos-cid.com\/?page_id=42"},"modified":"2023-05-09T11:28:31","modified_gmt":"2023-05-09T11:28:31","slug":"biografia","status":"publish","type":"page","link":"https:\/\/carlos-cid.com\/en\/biografia\/","title":{"rendered":"BIOGRAPHY"},"content":{"rendered":"<div data-elementor-type=\"wp-page\" data-elementor-id=\"42\" class=\"elementor elementor-42\" data-elementor-post-type=\"page\">\n\t\t\t\t\t\t<section class=\"elementor-section elementor-top-section elementor-element elementor-element-e54b152 elementor-section-boxed elementor-section-height-default elementor-section-height-default\" data-id=\"e54b152\" data-element_type=\"section\" data-e-type=\"section\">\n\t\t\t\t\t\t<div class=\"elementor-container elementor-column-gap-default\">\n\t\t\t\t\t<div class=\"elementor-column elementor-col-100 elementor-top-column elementor-element elementor-element-0af8d29\" data-id=\"0af8d29\" data-element_type=\"column\" data-e-type=\"column\">\n\t\t\t<div class=\"elementor-widget-wrap elementor-element-populated\">\n\t\t\t\t\t\t<div class=\"elementor-element elementor-element-6ed98f9 elementor-widget elementor-widget-heading\" data-id=\"6ed98f9\" data-element_type=\"widget\" data-e-type=\"widget\" data-widget_type=\"heading.default\">\n\t\t\t\t<div class=\"elementor-widget-container\">\n\t\t\t\t\t<h2 class=\"elementor-heading-title elementor-size-default\">BIOGRAF\u00cdA<\/h2>\t\t\t\t<\/div>\n\t\t\t\t<\/div>\n\t\t\t\t\t<\/div>\n\t\t<\/div>\n\t\t\t\t\t<\/div>\n\t\t<\/section>\n\t\t\t\t<section class=\"elementor-section elementor-top-section elementor-element elementor-element-b648cea elementor-section-boxed elementor-section-height-default elementor-section-height-default\" data-id=\"b648cea\" data-element_type=\"section\" data-e-type=\"section\">\n\t\t\t\t\t\t<div class=\"elementor-container elementor-column-gap-default\">\n\t\t\t\t\t<div class=\"elementor-column elementor-col-100 elementor-top-column elementor-element elementor-element-38e583a\" data-id=\"38e583a\" data-element_type=\"column\" data-e-type=\"column\">\n\t\t\t<div class=\"elementor-widget-wrap elementor-element-populated\">\n\t\t\t\t\t\t<div class=\"elementor-element elementor-element-0e56759 elementor-widget elementor-widget-text-editor\" data-id=\"0e56759\" data-element_type=\"widget\" data-e-type=\"widget\" data-widget_type=\"text-editor.default\">\n\t\t\t\t<div class=\"elementor-widget-container\">\n\t\t\t\t\t\t\t\t\t<p>Carlos Cid is a visual artist especially recognized for the large series of photography and video made between 2005 and 2010 as <em>La ausencia<\/em>, <em>Temor &amp; Amor<\/em>, <em>El vac\u00edo de la locura<\/em>, <em>Ciudad interior<\/em>, <em>Kaizen<\/em> o <em>Liv<\/em>for which he received multiple awards<\/p>\n<p>Carlos Cid's creative process starts from a nature that he observes with an attentive gaze, which he reconstructs and deconstructs, generating interior landscapes or abstractions with plastic, almost pictorial qualities. His artistic practice can be defined as an experimental immersion in each of the themes he approaches, from the photographic shot to experimentation with digital media or with the material formalization of his works. Carlos Cid's vision is both poetic and universalistic, he dwells on small details or large scales to make us participants of desires, fears or beliefs that we often share. Carlos Cid has shown his work in galleries and art centers in Madrid, New York, Havana, Amsterdam, Kanazawa (Japan), Helsinki, Miami, Chicago and Basel (Switzerland). He has also participated in fairs such as PHotoEspa\u00f1a, Photo London, ArteSantander, Photo Miami, Scope Basel and ARCO. He currently lives and works in Madrid.<\/p>\n<p><span style=\"font-size: 1rem;\">Carlos Cid's creative process starts from a nature that he observes with an attentive gaze, which he reconstructs and deconstructs, generating interior landscapes or abstractions with plastic, almost pictorial qualities. His artistic practice can be defined as an experimental immersion in each of the themes he approaches, from the photographic shot to experimentation with digital media or with the material formalization of his works. Carlos Cid's vision is both poetic and universalistic, he dwells on small details or large scales to make us participants of desires, fears or beliefs that we often share.<\/span><\/p><p><span style=\"font-size: 1rem;\">Carlos Cid has shown his work in galleries and art centers in Madrid, New York, Havana, Amsterdam, Kanazawa (Japan), Helsinki, Miami, Chicago and Basel (Switzerland). He has also participated in fairs such as PHotoEspa\u00f1a, Photo London, ArteSantander, Photo Miami, Scope Basel and ARCO. He currently lives and works in Madrid.<\/span><\/p>\t\t\t\t\t\t\t\t<\/div>\n\t\t\t\t<\/div>\n\t\t\t\t\t<\/div>\n\t\t<\/div>\n\t\t\t\t\t<\/div>\n\t\t<\/section>\n\t\t\t\t<\/div>","protected":false},"excerpt":{"rendered":"<p>BIOGRAF\u00cdA Carlos Cid es un artista visual reconocido fundamentalmente por las grandes series de fotograf\u00eda y v\u00eddeo realizadas entre 2005 y 2010 como La ausencia, Temor &amp; Amor, El vac\u00edo de la locura, Ciudad interior, Kaizen o Liv, por las que recibi\u00f3 m\u00faltiples galardones. Nacido en Madrid en 1965 y formado en la Escuela de [&hellip;]<\/p>\n","protected":false},"author":1,"featured_media":0,"parent":0,"menu_order":0,"comment_status":"closed","ping_status":"closed","template":"","meta":{"footnotes":""},"class_list":["post-42","page","type-page","status-publish","hentry"],"_links":{"self":[{"href":"https:\/\/carlos-cid.com\/en\/wp-json\/wp\/v2\/pages\/42","targetHints":{"allow":["GET"]}}],"collection":[{"href":"https:\/\/carlos-cid.com\/en\/wp-json\/wp\/v2\/pages"}],"about":[{"href":"https:\/\/carlos-cid.com\/en\/wp-json\/wp\/v2\/types\/page"}],"author":[{"embeddable":true,"href":"https:\/\/carlos-cid.com\/en\/wp-json\/wp\/v2\/users\/1"}],"replies":[{"embeddable":true,"href":"https:\/\/carlos-cid.com\/en\/wp-json\/wp\/v2\/comments?post=42"}],"version-history":[{"count":37,"href":"https:\/\/carlos-cid.com\/en\/wp-json\/wp\/v2\/pages\/42\/revisions"}],"predecessor-version":[{"id":639,"href":"https:\/\/carlos-cid.com\/en\/wp-json\/wp\/v2\/pages\/42\/revisions\/639"}],"wp:attachment":[{"href":"https:\/\/carlos-cid.com\/en\/wp-json\/wp\/v2\/media?parent=42"}],"curies":[{"name":"wp","href":"https:\/\/api.w.org\/{rel}","templated":true}]}}