{"id":986,"date":"2023-11-04T09:02:50","date_gmt":"2023-11-04T09:02:50","guid":{"rendered":"https:\/\/carlos-cid.com\/?page_id=986"},"modified":"2023-11-21T17:10:31","modified_gmt":"2023-11-21T17:10:31","slug":"statement-kaizen","status":"publish","type":"page","link":"https:\/\/carlos-cid.com\/en\/statement-kaizen\/","title":{"rendered":"statement KAIZEN"},"content":{"rendered":"<div data-elementor-type=\"wp-page\" data-elementor-id=\"986\" class=\"elementor elementor-986\" data-elementor-post-type=\"page\">\n\t\t\t\t<div class=\"elementor-element elementor-element-1ea76a4 e-flex e-con-boxed e-con e-parent\" data-id=\"1ea76a4\" data-element_type=\"container\" data-e-type=\"container\">\n\t\t\t\t\t<div class=\"e-con-inner\">\n\t\t\t\t<div class=\"elementor-element elementor-element-91aab3c elementor-arrows-position-inside elementor-widget elementor-widget-image-carousel\" data-id=\"91aab3c\" data-element_type=\"widget\" data-e-type=\"widget\" data-settings=\"{&quot;slides_to_show&quot;:&quot;1&quot;,&quot;navigation&quot;:&quot;arrows&quot;,&quot;autoplay&quot;:&quot;yes&quot;,&quot;pause_on_hover&quot;:&quot;yes&quot;,&quot;pause_on_interaction&quot;:&quot;yes&quot;,&quot;autoplay_speed&quot;:5000,&quot;infinite&quot;:&quot;yes&quot;,&quot;effect&quot;:&quot;slide&quot;,&quot;speed&quot;:500}\" data-widget_type=\"image-carousel.default\">\n\t\t\t\t<div class=\"elementor-widget-container\">\n\t\t\t\t\t\t\t<div class=\"elementor-image-carousel-wrapper swiper\" role=\"region\" aria-roledescription=\"carousel\" aria-label=\"Image Carousel\" dir=\"ltr\" data-no-translation-aria-label=\"\">\n\t\t\t<div class=\"elementor-image-carousel swiper-wrapper\" aria-live=\"off\">\n\t\t\t\t\t\t\t\t<div class=\"swiper-slide\" role=\"group\" aria-roledescription=\"slide\" aria-label=\"1 of 4\" data-no-translation-aria-label=\"\"><figure class=\"swiper-slide-inner\"><img decoding=\"async\" class=\"swiper-slide-image\" src=\"https:\/\/carlos-cid.com\/wp-content\/uploads\/2023\/10\/1gr-1.jpg\" alt=\"1gr\" \/><\/figure><\/div><div class=\"swiper-slide\" role=\"group\" aria-roledescription=\"slide\" aria-label=\"2 of 4\" data-no-translation-aria-label=\"\"><figure class=\"swiper-slide-inner\"><img decoding=\"async\" class=\"swiper-slide-image\" src=\"https:\/\/carlos-cid.com\/wp-content\/uploads\/2023\/10\/2gr-1.jpg\" alt=\"2gr\" \/><\/figure><\/div><div class=\"swiper-slide\" role=\"group\" aria-roledescription=\"slide\" aria-label=\"3 of 4\" data-no-translation-aria-label=\"\"><figure class=\"swiper-slide-inner\"><img decoding=\"async\" class=\"swiper-slide-image\" src=\"https:\/\/carlos-cid.com\/wp-content\/uploads\/2023\/10\/3gr-1.jpg\" alt=\"3gr\" \/><\/figure><\/div><div class=\"swiper-slide\" role=\"group\" aria-roledescription=\"slide\" aria-label=\"4 of 4\" data-no-translation-aria-label=\"\"><figure class=\"swiper-slide-inner\"><img decoding=\"async\" class=\"swiper-slide-image\" src=\"https:\/\/carlos-cid.com\/wp-content\/uploads\/2023\/10\/4gr-1.jpg\" alt=\"4gr\" \/><\/figure><\/div>\t\t\t<\/div>\n\t\t\t\t\t\t\t\t\t\t\t\t<div class=\"elementor-swiper-button elementor-swiper-button-prev\" role=\"button\" tabindex=\"0\">\n\t\t\t\t\t\t<svg aria-hidden=\"true\" class=\"e-font-icon-svg e-eicon-chevron-left\" viewbox=\"0 0 1000 1000\" xmlns=\"http:\/\/www.w3.org\/2000\/svg\"><path d=\"M646 125C629 125 613 133 604 142L308 442C296 454 292 471 292 487 292 504 296 521 308 533L604 854C617 867 629 875 646 875 663 875 679 871 692 858 704 846 713 829 713 812 713 796 708 779 692 767L438 487 692 225C700 217 708 204 708 187 708 171 704 154 692 142 675 129 663 125 646 125Z\"><\/path><\/svg>\t\t\t\t\t<\/div>\n\t\t\t\t\t<div class=\"elementor-swiper-button elementor-swiper-button-next\" role=\"button\" tabindex=\"0\">\n\t\t\t\t\t\t<svg aria-hidden=\"true\" class=\"e-font-icon-svg e-eicon-chevron-right\" viewbox=\"0 0 1000 1000\" xmlns=\"http:\/\/www.w3.org\/2000\/svg\"><path d=\"M696 533C708 521 713 504 713 487 713 471 708 454 696 446L400 146C388 133 375 125 354 125 338 125 325 129 313 142 300 154 292 171 292 187 292 204 296 221 308 233L563 492 304 771C292 783 288 800 288 817 288 833 296 850 308 863 321 871 338 875 354 875 371 875 388 867 400 854L696 533Z\"><\/path><\/svg>\t\t\t\t\t<\/div>\n\t\t\t\t\n\t\t\t\t\t\t\t\t\t<\/div>\n\t\t\t\t\t\t<\/div>\n\t\t\t\t<\/div>\n\t\t\t\t<div class=\"elementor-element elementor-element-ebca4d6 elementor-widget elementor-widget-heading\" data-id=\"ebca4d6\" data-element_type=\"widget\" data-e-type=\"widget\" data-widget_type=\"heading.default\">\n\t\t\t\t<div class=\"elementor-widget-container\">\n\t\t\t\t\t<h2 class=\"elementor-heading-title elementor-size-default\">KAIZEN O EL BAR\u00d3N RAMPANTE<\/h2>\t\t\t\t<\/div>\n\t\t\t\t<\/div>\n\t\t\t\t<div class=\"elementor-element elementor-element-75e9040 elementor-widget elementor-widget-heading\" data-id=\"75e9040\" data-element_type=\"widget\" data-e-type=\"widget\" data-widget_type=\"heading.default\">\n\t\t\t\t<div class=\"elementor-widget-container\">\n\t\t\t\t\t<h2 class=\"elementor-heading-title elementor-size-default\">Mar\u00eda Santoyo<\/h2>\t\t\t\t<\/div>\n\t\t\t\t<\/div>\n\t\t\t\t<div class=\"elementor-element elementor-element-6104c3d elementor-widget elementor-widget-text-editor\" data-id=\"6104c3d\" data-element_type=\"widget\" data-e-type=\"widget\" data-widget_type=\"text-editor.default\">\n\t\t\t\t<div class=\"elementor-widget-container\">\n\t\t\t\t\t\t\t\t\t<p>Facing the challenge, always hazardous, a bit shameless, of versifying the creation of others, the sublime term is the best joker.<\/p><p>The Longino concept, rescued from Renaissance, claimed by the Barroque and reinvented by Romanticism, has not lost its validity century after century. Simplifying to the maximum and transforming arts into a bipolar matter, by discarding, everything that is not beautiful is sublime.<br>The extreme and painful 15:49 24\/11\/2010beauty to which the term refers is the result of the assumption, grieving and deterministic, that the human hand cannot produce beauty, the latter is given to us, with an intensity sometimes overwhelming. We can try to represent it, imitate it, but with reverence and humility. Beauty already is. Recreating it is a pretentious and utopian business. Therefore the romantic fascination for overflowing nature, for the tentative cliffs, for the reduced and contrite human figures, frightened beings against the impossible, agoraphobic portraits of our insignificance.<\/p><p>Art comprises of periods dedicated to chaos and harmonious periods of regulated and great canonical care. Generally, these cycles are closely linked to social and economical contexts, but this is an aspect which I will not tackle to ensure brightness and metaphoric strength are not taken away from the text.<\/p><p>Today\u2019s creation more or less aims for the sublime. Aesthetic and intellectual excess \u2013or pseudointellectual- is a constant nowadays in the Art. It is also true that the use of new and diverse technologies for artistic aims has contributed to this trend. Nevertheless, despite today\u2019s benefits, despite the passing of time and the popularisation of the different theories on aesthetics, the representation of chaos carries the same frustration as it did in the 19th Century. The difference is that today the artist is not consistent with his frustrations, and instead of committing suicide, he resigns himself. He forever searches for alchemies to make this chaos tangible by creating artificial paradises closer to Hades rather than Eden.<\/p><p>On rare occasions, the sublime is means and not the end. The artist goes beyond his anguish and without giving up on his fascination for chaos, he overcomes it, makes it his and restructures it based on his desires. In other words, in order to see the forest he will climb to the top of a tree, to get a panoramic view, and go down again and portray from the ground what he will have seen from above. In which case, the viewer, who has not experienced such \u201cclimb\u201d, perceives an initial chaos, and after his confusion realises that it is nothing else but appearance.<\/p><p>He tenido ocasi\u00f3n recientemente de detenerme con cierta comodidad \u2014sin prisas y sin tumultos\u2014 ante un cuadro de Van Gogh, conocido como todos ellos, que representa a una pareja espectral caminando en un bosque. Van Gogh, que es sin duda la encarnaci\u00f3n de lo sublime \u2014\u00e9l s\u00ed que fue consecuente con sus frustraciones\u2014, dispuso en su lienzo un punto de fuga y un haz de luz crom\u00e1tica que, sin ordenar el abigarrado bosque, le aportaba un elemento arm\u00f3nico yesperanzador.<\/p><p>I recently had the opportunity to stop and watch \u2013without rushing or any crowds- a famous painting by Van Gogh showing a spectral couple walking in the forest. Van Gogh, who is without a doubt the reincarnation of the sublime \u2013and who was actually consistent with his own frustrations-, placed in his painting a vanishing point and a chromatic beam that, without tidying up the jumbled forest, provided a harmonious and hopeful element.<\/p><p>Therefore, what is apparently confusing, excessive and heavy, gives a dimension that can be seen by the human eye. This is an interesting interpretation of the sublime. Formally, it follows the same rules as always, tending towards empty horror, but giving up on his determinism. Man succeeds again before this entelechy, this invented idea that is nature today.\nThe man, exasperated by his inhospitable environment, climbs the trees. To the contrary of the Baron of Rond\u00f2, who stays on top of the trees for the rest of his life, today\u2019s man climbs down occasionally, and sometimes falls, but enjoys a certain tranquillity, as he has seen -or imagine- the whole of the World. The tree, for once, has let him see the forest.<\/p>\t\t\t\t\t\t\t\t<\/div>\n\t\t\t\t<\/div>\n\t\t\t\t\t<\/div>\n\t\t\t\t<\/div>\n\t\t\t\t<\/div>","protected":false},"excerpt":{"rendered":"<p>KAIZEN O EL BAR\u00d3N RAMPANTE Mar\u00eda Santoyo Ante el reto, siempre azaroso, algo vergonzante, de versar sobre la creaci\u00f3n ajena, el t\u00e9rmino sublime es el mejor comod\u00edn. El concepto de Longino, rescatado por el Renacimiento, reivindicado por el Barroco y reinventado por el Romanticismo, no ha perdido su acertada vigencia con el paso de los [&hellip;]<\/p>\n","protected":false},"author":1,"featured_media":0,"parent":0,"menu_order":0,"comment_status":"closed","ping_status":"closed","template":"elementor_canvas","meta":{"footnotes":""},"class_list":["post-986","page","type-page","status-publish","hentry"],"_links":{"self":[{"href":"https:\/\/carlos-cid.com\/en\/wp-json\/wp\/v2\/pages\/986","targetHints":{"allow":["GET"]}}],"collection":[{"href":"https:\/\/carlos-cid.com\/en\/wp-json\/wp\/v2\/pages"}],"about":[{"href":"https:\/\/carlos-cid.com\/en\/wp-json\/wp\/v2\/types\/page"}],"author":[{"embeddable":true,"href":"https:\/\/carlos-cid.com\/en\/wp-json\/wp\/v2\/users\/1"}],"replies":[{"embeddable":true,"href":"https:\/\/carlos-cid.com\/en\/wp-json\/wp\/v2\/comments?post=986"}],"version-history":[{"count":7,"href":"https:\/\/carlos-cid.com\/en\/wp-json\/wp\/v2\/pages\/986\/revisions"}],"predecessor-version":[{"id":1081,"href":"https:\/\/carlos-cid.com\/en\/wp-json\/wp\/v2\/pages\/986\/revisions\/1081"}],"wp:attachment":[{"href":"https:\/\/carlos-cid.com\/en\/wp-json\/wp\/v2\/media?parent=986"}],"curies":[{"name":"wp","href":"https:\/\/api.w.org\/{rel}","templated":true}]}}