{"id":988,"date":"2023-11-04T09:03:18","date_gmt":"2023-11-04T09:03:18","guid":{"rendered":"https:\/\/carlos-cid.com\/?page_id=988"},"modified":"2023-11-21T17:13:34","modified_gmt":"2023-11-21T17:13:34","slug":"statement-ciudad-interior","status":"publish","type":"page","link":"https:\/\/carlos-cid.com\/en\/statement-ciudad-interior\/","title":{"rendered":"statement CIUDAD INTERIOR"},"content":{"rendered":"<div data-elementor-type=\"wp-page\" data-elementor-id=\"988\" class=\"elementor elementor-988\" data-elementor-post-type=\"page\">\n\t\t\t\t<div class=\"elementor-element elementor-element-1ea76a4 e-flex e-con-boxed e-con e-parent\" data-id=\"1ea76a4\" data-element_type=\"container\" data-e-type=\"container\">\n\t\t\t\t\t<div class=\"e-con-inner\">\n\t\t\t\t<div class=\"elementor-element elementor-element-91aab3c elementor-arrows-position-inside elementor-widget elementor-widget-image-carousel\" data-id=\"91aab3c\" data-element_type=\"widget\" data-e-type=\"widget\" data-settings=\"{&quot;slides_to_show&quot;:&quot;1&quot;,&quot;navigation&quot;:&quot;arrows&quot;,&quot;autoplay&quot;:&quot;yes&quot;,&quot;pause_on_hover&quot;:&quot;yes&quot;,&quot;pause_on_interaction&quot;:&quot;yes&quot;,&quot;autoplay_speed&quot;:5000,&quot;infinite&quot;:&quot;yes&quot;,&quot;effect&quot;:&quot;slide&quot;,&quot;speed&quot;:500}\" data-widget_type=\"image-carousel.default\">\n\t\t\t\t<div class=\"elementor-widget-container\">\n\t\t\t\t\t\t\t<div class=\"elementor-image-carousel-wrapper swiper\" role=\"region\" aria-roledescription=\"carousel\" aria-label=\"Carrusel de im\u00e1genes\" dir=\"ltr\">\n\t\t\t<div class=\"elementor-image-carousel swiper-wrapper\" aria-live=\"off\">\n\t\t\t\t\t\t\t\t<div class=\"swiper-slide\" role=\"group\" aria-roledescription=\"slide\" aria-label=\"1 de 4\"><figure class=\"swiper-slide-inner\"><img decoding=\"async\" class=\"swiper-slide-image\" src=\"https:\/\/carlos-cid.com\/wp-content\/uploads\/2023\/11\/3gr.jpg\" alt=\"3gr\" \/><\/figure><\/div><div class=\"swiper-slide\" role=\"group\" aria-roledescription=\"slide\" aria-label=\"2 de 4\"><figure class=\"swiper-slide-inner\"><img decoding=\"async\" class=\"swiper-slide-image\" src=\"https:\/\/carlos-cid.com\/wp-content\/uploads\/2023\/11\/4gr.jpg\" alt=\"4gr\" \/><\/figure><\/div><div class=\"swiper-slide\" role=\"group\" aria-roledescription=\"slide\" aria-label=\"3 de 4\"><figure class=\"swiper-slide-inner\"><img decoding=\"async\" class=\"swiper-slide-image\" src=\"https:\/\/carlos-cid.com\/wp-content\/uploads\/2023\/11\/1gr.jpg\" alt=\"1gr\" \/><\/figure><\/div><div class=\"swiper-slide\" role=\"group\" aria-roledescription=\"slide\" aria-label=\"4 de 4\"><figure class=\"swiper-slide-inner\"><img decoding=\"async\" class=\"swiper-slide-image\" src=\"https:\/\/carlos-cid.com\/wp-content\/uploads\/2023\/11\/2gr.jpg\" alt=\"2gr\" \/><\/figure><\/div>\t\t\t<\/div>\n\t\t\t\t\t\t\t\t\t\t\t\t<div class=\"elementor-swiper-button elementor-swiper-button-prev\" role=\"button\" tabindex=\"0\">\n\t\t\t\t\t\t<svg aria-hidden=\"true\" class=\"e-font-icon-svg e-eicon-chevron-left\" viewbox=\"0 0 1000 1000\" xmlns=\"http:\/\/www.w3.org\/2000\/svg\"><path d=\"M646 125C629 125 613 133 604 142L308 442C296 454 292 471 292 487 292 504 296 521 308 533L604 854C617 867 629 875 646 875 663 875 679 871 692 858 704 846 713 829 713 812 713 796 708 779 692 767L438 487 692 225C700 217 708 204 708 187 708 171 704 154 692 142 675 129 663 125 646 125Z\"><\/path><\/svg>\t\t\t\t\t<\/div>\n\t\t\t\t\t<div class=\"elementor-swiper-button elementor-swiper-button-next\" role=\"button\" tabindex=\"0\">\n\t\t\t\t\t\t<svg aria-hidden=\"true\" class=\"e-font-icon-svg e-eicon-chevron-right\" viewbox=\"0 0 1000 1000\" xmlns=\"http:\/\/www.w3.org\/2000\/svg\"><path d=\"M696 533C708 521 713 504 713 487 713 471 708 454 696 446L400 146C388 133 375 125 354 125 338 125 325 129 313 142 300 154 292 171 292 187 292 204 296 221 308 233L563 492 304 771C292 783 288 800 288 817 288 833 296 850 308 863 321 871 338 875 354 875 371 875 388 867 400 854L696 533Z\"><\/path><\/svg>\t\t\t\t\t<\/div>\n\t\t\t\t\n\t\t\t\t\t\t\t\t\t<\/div>\n\t\t\t\t\t\t<\/div>\n\t\t\t\t<\/div>\n\t\t\t\t<div class=\"elementor-element elementor-element-ebca4d6 elementor-widget elementor-widget-heading\" data-id=\"ebca4d6\" data-element_type=\"widget\" data-e-type=\"widget\" data-widget_type=\"heading.default\">\n\t\t\t\t<div class=\"elementor-widget-container\">\n\t\t\t\t\t<h2 class=\"elementor-heading-title elementor-size-default\">INTERNAL CITY<\/h2>\t\t\t\t<\/div>\n\t\t\t\t<\/div>\n\t\t\t\t<div class=\"elementor-element elementor-element-a9bc586 elementor-widget elementor-widget-heading\" data-id=\"a9bc586\" data-element_type=\"widget\" data-e-type=\"widget\" data-widget_type=\"heading.default\">\n\t\t\t\t<div class=\"elementor-widget-container\">\n\t\t\t\t\t<h2 class=\"elementor-heading-title elementor-size-default\">M\u00f3nica Nu\u00f1ez<\/h2>\t\t\t\t<\/div>\n\t\t\t\t<\/div>\n\t\t\t\t<div class=\"elementor-element elementor-element-6104c3d elementor-widget elementor-widget-text-editor\" data-id=\"6104c3d\" data-element_type=\"widget\" data-e-type=\"widget\" data-widget_type=\"text-editor.default\">\n\t\t\t\t<div class=\"elementor-widget-container\">\n\t\t\t\t\t\t\t\t\t<p>I tell myself the tale of my life. I walk through the labyrinth talking to myself. Everything seems to be the same, monotonous, indifferent to pity, to rage, to boredom, to enthusiasm, impassive to scorn, to pride, to respect\u2026 I would like it to be different, but it is useless. Cutting edges, hard light black shadow, narrow corridors, repetitive?... no. I want to see curves, look at him, he is tired of white, black, solid, square, masculine, he has given up on smoothness. I want to get out of here, how would it be in another part of the World?... Impossible to know, contrast, vertical, white sky, I crash down, again here?&nbsp;<span style=\"font-family: var( --e-global-typography-text-font-family ), Sans-serif; font-weight: var( --e-global-typography-text-font-weight ); font-size: 1rem;\">I drown in my thoughts, Grey Ocean of corridors full of words, tiring speech. Shout. The sound of my own shout surprises me, in my thoughts it was very powerful, piercing, of a superhero and what I hear is sharp, dramatic, nearly stupid. Stop criticising yourself. Stop hurting yourself\u2026 guilt, how long with it?&nbsp;<\/span><span style=\"font-family: var( --e-global-typography-text-font-family ), Sans-serif; font-weight: var( --e-global-typography-text-font-weight ); font-size: 1rem;\">That\u2019s it. I can feel myself. I rest. I close my eyes. I caress my head with thinking. In the labyrinth I whisper calmly, calmly\u2026 Do I not need all I learnt? Is it about forgetting? I cannot answer myself, I walk and walk between the words and the silences, lights and shadows of my internal city, I find tranquillity in repetition, security, these structures make me feel comfortable, my reclusion is attractive, I ran from one place to another, I hide myself, I play within my reclusion and I dream with freedom without noticing that I am already free. Because I play.<\/span><\/p>\n<p class=\"translation-block\">Labyrinth of space full of voices. Language has no meaning here, thoughts conform themselves hazily in a heap and I do not know anymore what they say. They sing. I feel. I close my eyes and I feel myself. My conscience expands itself and it crosses walls. And I fly. Fly?... Look, look at the Earth, what you see is what you are, you are matter\u2026 and this silence outside. That\u2019s what I am. I am what there is. I am silence except my steps, my breathing. No. Fights of the internal city. I am also what I want to be. Where I want to get, I am also that place. I am what I feel, what I think, the peace I look for...<\/p>\n<p class=\"translation-block\">I am the only being here. I am looking for myself. I get lost here. Until when? How many of me am I? How many between the ones I was, I am and I will be\u2026 and that they are also others. Am I where I was before? Have I passed by this corridor? It seems so familiar to me, and at the same time\u2026 I doubt. Perhaps I passed by but I was another one, another I, a character, an idea that becomes a character, an age. I discover myself by looking at the existence of other beings, truth or dream are the same, for me they are real here inside me, I hear them, I feel their warmth. I can see passing by the child I was. The children I was. I stand by looking on in ecstasy. They go across the bewitched forests full of gnomes and fairies and fog and green and humidity under the cold sun in Autumn. They take the sticks, they are soft and wet. They throw them away far in the water.\nFurther away. Much further away up to the peak of the mountain that is further away than the lake. They throw them up in the sky, they touch the sky with them, I am going to kick that cloud. They climb over those immense rocks and they dream they are very strong giants, they jump from up there and they dream that they can fly. And I get a lump in the throat while I smile happily. Here it is contained all the beauty and the magic of being human. The doubt does not exit anymore inside him. It erased itself. It is. Without justification and without obligation. He is the cause of his life, not the consequence and he has unexpectedly encountered beauty and he ended up soaked with it as if he was just coming out of the sea with his clothes on.<\/p>\n<p>I. He. Because life is not this labyrinth, this labyrinth is the mind. Life is living away, life is what changes inside me, the cedar that I form from this seed. And these corridors are not the World. The World is the miracle of creation inside my ties.<\/p>\t\t\t\t\t\t\t\t<\/div>\n\t\t\t\t<\/div>\n\t\t\t\t\t<\/div>\n\t\t\t\t<\/div>\n\t\t\t\t<\/div>","protected":false},"excerpt":{"rendered":"<p>PENSANDO CIUDAD INTERIOR M\u00f3nica Nu\u00f1ez Me cuento el cuento de mi vida. Camino por el laberinto hablando solo. Todo me parece igual, mon\u00f3tono, indiferente a la piedad, a la ira, al cansancio, al entusiasmo, impasible ante el desprecio, el orgullo, el respeto&#8230; Quisiera que fuera de otra forma, pero es in\u00fatil. Esquinas cortantes, luz dura [&hellip;]<\/p>\n","protected":false},"author":1,"featured_media":0,"parent":0,"menu_order":0,"comment_status":"closed","ping_status":"closed","template":"elementor_canvas","meta":{"footnotes":""},"class_list":["post-988","page","type-page","status-publish","hentry"],"_links":{"self":[{"href":"https:\/\/carlos-cid.com\/en\/wp-json\/wp\/v2\/pages\/988","targetHints":{"allow":["GET"]}}],"collection":[{"href":"https:\/\/carlos-cid.com\/en\/wp-json\/wp\/v2\/pages"}],"about":[{"href":"https:\/\/carlos-cid.com\/en\/wp-json\/wp\/v2\/types\/page"}],"author":[{"embeddable":true,"href":"https:\/\/carlos-cid.com\/en\/wp-json\/wp\/v2\/users\/1"}],"replies":[{"embeddable":true,"href":"https:\/\/carlos-cid.com\/en\/wp-json\/wp\/v2\/comments?post=988"}],"version-history":[{"count":16,"href":"https:\/\/carlos-cid.com\/en\/wp-json\/wp\/v2\/pages\/988\/revisions"}],"predecessor-version":[{"id":1087,"href":"https:\/\/carlos-cid.com\/en\/wp-json\/wp\/v2\/pages\/988\/revisions\/1087"}],"wp:attachment":[{"href":"https:\/\/carlos-cid.com\/en\/wp-json\/wp\/v2\/media?parent=988"}],"curies":[{"name":"wp","href":"https:\/\/api.w.org\/{rel}","templated":true}]}}